{"id":6,"date":"2015-06-23T09:54:24","date_gmt":"2015-06-23T09:54:24","guid":{"rendered":"http:\/\/proicsaingenieria.com.co\/web\/?page_id=6"},"modified":"2021-04-19T17:18:03","modified_gmt":"2021-04-19T17:18:03","slug":"inicio","status":"publish","type":"page","link":"https:\/\/proicsaingenieria.com.co\/web\/","title":{"rendered":"Inicio"},"content":{"rendered":"<p><i>\n\t<div class=\"slideshow_container slideshow_container_style-light\" style=\" \" data-slideshow-id=\"81\" data-style-name=\"style-light\" data-style-version=\"2.3.1\" >\n\n\t\t\t\t\t<div class=\"slideshow_loading_icon\"><\/div>\n\t\t\n\t\t<div class=\"slideshow_content\" style=\"display: none;\">\n\n\t\t\t<div class=\"slideshow_view\">\n\t\t\t\t<div class=\"slideshow_slide slideshow_slide_image\">\n\t\t\t\t\t<a href=\"http:\/\/proicsaingenieria.com.co\/web\/contacto\/\" target=\"_self\" >\t\t\t\t\t\t<img src=\"https:\/\/proicsaingenieria.com.co\/web\/wp-content\/uploads\/2015\/06\/rotor.jpg\" alt=\"rotor\" width=\"1001\" height=\"439\" \/>\n\t\t\t\t\t<\/a>\t\t\t\t\t<div class=\"slideshow_description_box slideshow_transparent\">\n\t\t\t\t\t\t<div class=\"slideshow_title\"><a href=\"http:\/\/proicsaingenieria.com.co\/web\/contacto\/\" target=\"_self\" >rotor<\/a><\/div>\t\t\t\t\t\t\t\t\t\t\t<\/div>\n\t\t\t\t<\/div>\n\n\t\t\t\t\t\t<div style=\"clear: both;\"><\/div><\/div><div class=\"slideshow_view\">\n\t\t\t\t<div class=\"slideshow_slide slideshow_slide_image\">\n\t\t\t\t\t\t\t\t\t\t\t<img src=\"https:\/\/proicsaingenieria.com.co\/web\/wp-content\/uploads\/2015\/06\/01.png\" alt=\"01\" width=\"1001\" height=\"439\" \/>\n\t\t\t\t\t\t\t\t\t\t<div class=\"slideshow_description_box slideshow_transparent\">\n\t\t\t\t\t\t\t\t\t\t\t\t\t\t\t\t\t<\/div>\n\t\t\t\t<\/div>\n\n\t\t\t\t\t\t<div style=\"clear: both;\"><\/div><\/div><div class=\"slideshow_view\">\n\t\t\t\t<div class=\"slideshow_slide slideshow_slide_image\">\n\t\t\t\t\t\t\t\t\t\t\t<img src=\"https:\/\/proicsaingenieria.com.co\/web\/wp-content\/uploads\/2015\/06\/03.png\" alt=\"03\" width=\"1001\" height=\"439\" \/>\n\t\t\t\t\t\t\t\t\t\t<div class=\"slideshow_description_box slideshow_transparent\">\n\t\t\t\t\t\t\t\t\t\t\t\t\t\t\t\t\t<\/div>\n\t\t\t\t<\/div>\n\n\t\t\t\t\t\t<div style=\"clear: both;\"><\/div><\/div>\n\t\t<\/div>\n\n\t\t<div class=\"slideshow_controlPanel slideshow_transparent\" style=\"display: none;\"><ul><li class=\"slideshow_togglePlay\" data-play-text=\"Play\" data-pause-text=\"Pause\"><\/li><\/ul><\/div>\n\n\t\t<div class=\"slideshow_button slideshow_previous slideshow_transparent\" role=\"button\" data-previous-text=\"Previous\" style=\"display: none;\"><\/div>\n\t\t<div class=\"slideshow_button slideshow_next slideshow_transparent\" role=\"button\" data-next-text=\"Next\" style=\"display: none;\"><\/div>\n\n\t\t<div class=\"slideshow_pagination\" style=\"display: none;\" data-go-to-text=\"Go to slide\"><div class=\"slideshow_pagination_center\"><\/div><\/div>\n\n\t\t<!-- WordPress Slideshow Version 2.3.1 -->\n\n\t\t\t<\/div>\n\n<\/i><\/p>\n<div class=\"margencontenido\">\n<p style=\"text-align: center;\"><span style=\"font-size: 18pt;\"><strong>\u201cCreemos en la conservaci\u00f3n de los recursos como eje del desarrollo\u00a0<\/strong><\/span><strong style=\"font-size: 18pt; line-height: 1.5;\">y en el apoyo a la industria para realizar una\u00a0<\/strong><span style=\"font-size: 18pt;\"><strong>gesti\u00f3n ambiental competente y profesional.\u201d<\/strong><\/span><\/p>\n<\/div>\n<p><a href=\"http:\/\/proicsaingenieria.com.co\/web\/servicios\/gestion-de-programas-de-manejo-de-residuos-solidos\/\"><img decoding=\"async\" class=\"alignnone wp-image-184 size-full\" title=\"Gesti\u00f3n de programas de manejo de residuos s\u00f3lidos\" src=\"http:\/\/proicsaingenieria.com.co\/web\/wp-content\/uploads\/2015\/07\/botones_08.png\" alt=\"Gesti\u00f3n de programas de manejo de residuos s\u00f3lidos\" width=\"22%\" height=\"auto\" \/><\/a><a href=\"http:\/\/proicsaingenieria.com.co\/web\/servicios\/emision-de-contaminantes-atmosfericos\/\"><img decoding=\"async\" class=\"alignnone wp-image-183 size-full\" title=\"Evaluaci\u00f3n de la emisi\u00f3n de contaminantes atmosf\u00e9ricos\" src=\"http:\/\/proicsaingenieria.com.co\/web\/wp-content\/uploads\/2015\/07\/botones_07.png\" alt=\"Evaluaci\u00f3n de la emisi\u00f3n de contaminantes atmosf\u00e9ricos\" width=\"23%\" height=\"auto\" \/><\/a><a href=\"http:\/\/proicsaingenieria.com.co\/web\/servicios\/evaluacion-de-la-calidad-del-aire\/\"><img decoding=\"async\" class=\"alignnone wp-image-182 size-full\" title=\"Evaluaci\u00f3n de la calidad del aire\" src=\"http:\/\/proicsaingenieria.com.co\/web\/wp-content\/uploads\/2015\/07\/botones_06.png\" alt=\"Evaluaci\u00f3n de la calidad del aire\" width=\"23%\" height=\"auto\" \/><\/a><a href=\"http:\/\/proicsaingenieria.com.co\/web\/servicios\/evaluacion-y-manejo-de-la-calidad-del-agua-toma-de-muestras-caracterizacion-y-tratamiento\/\"><img decoding=\"async\" class=\"alignnone wp-image-181 size-full\" title=\"Evaluaci\u00f3n y manejo de la calidad del agua\" src=\"http:\/\/proicsaingenieria.com.co\/web\/wp-content\/uploads\/2015\/07\/botones_05.png\" alt=\"Evaluaci\u00f3n y manejo de la calidad del agua\" width=\"22%\" height=\"auto\" \/><\/a><a href=\"http:\/\/proicsaingenieria.com.co\/web\/servicios\/aesorias-interventorias-consultoria-y-gestion-de-recursos\/\"><img decoding=\"async\" class=\"alignnone wp-image-180 size-full\" title=\"Asesorias, interventorias, consultoria y gesti\u00f3n de recursos\" src=\"http:\/\/proicsaingenieria.com.co\/web\/wp-content\/uploads\/2015\/07\/botones_04.png\" alt=\"Asesorias, interventorias, consultoria y gesti\u00f3n de recursos\" width=\"23%\" height=\"auto\" \/><\/a><a href=\"http:\/\/proicsaingenieria.com.co\/web\/servicios\/urbanismo\/\"><img decoding=\"async\" class=\"alignnone wp-image-179 size-full\" title=\"Urbanismo\" src=\"http:\/\/proicsaingenieria.com.co\/web\/wp-content\/uploads\/2015\/07\/botones_03.png\" alt=\"Urbanismo\" width=\"23%\" height=\"auto\" \/><\/a><a href=\"http:\/\/proicsaingenieria.com.co\/web\/servicios\/construccion\/\"><img decoding=\"async\" class=\"alignnone wp-image-178 size-full\" title=\"Construcci\u00f3n\" src=\"http:\/\/proicsaingenieria.com.co\/web\/wp-content\/uploads\/2015\/07\/botones_02.png\" alt=\"Construcci\u00f3n\" width=\"23%\" height=\"auto\" \/><\/a><a href=\"http:\/\/proicsaingenieria.com.co\/web\/servicios\/apoyo-de-servicios-a-la-ingenieria-y-arquitectura\/\"><img decoding=\"async\" class=\"alignnone wp-image-177 size-full\" title=\"Apoyo de Servicios a la ingenier\u00eda y arquitectura\" src=\"http:\/\/proicsaingenieria.com.co\/web\/wp-content\/uploads\/2015\/07\/botones_01.png\" alt=\"Apoyo de Servicios a la ingenier\u00eda y arquitectura\" width=\"23%\" height=\"auto\" \/><\/a><\/p>\n<hr \/>\n<p><a href=\"http:\/\/proicsaingenieria.com.co\/web\/la-empresa\/\"><img decoding=\"async\" class=\"alignnone wp-image-90\" src=\"http:\/\/proicsaingenieria.com.co\/web\/wp-content\/uploads\/2015\/06\/btoninferior_01.png\" alt=\"btoninferior_01\" width=\"32%\" height=\"auto\" srcset=\"https:\/\/proicsaingenieria.com.co\/web\/wp-content\/uploads\/2015\/06\/btoninferior_01.png 330w, https:\/\/proicsaingenieria.com.co\/web\/wp-content\/uploads\/2015\/06\/btoninferior_01-300x124.png 300w\" sizes=\"(max-width: 330px) 100vw, 330px\" \/><\/a><a href=\"http:\/\/proicsaingenieria.com.co\/web\/descargas\/\"><img decoding=\"async\" class=\" wp-image-91 alignnone\" src=\"http:\/\/proicsaingenieria.com.co\/web\/wp-content\/uploads\/2015\/06\/btoninferior_02.png\" alt=\"btoninferior_02\" width=\"32%\" height=\"auto\" srcset=\"https:\/\/proicsaingenieria.com.co\/web\/wp-content\/uploads\/2015\/06\/btoninferior_02.png 339w, https:\/\/proicsaingenieria.com.co\/web\/wp-content\/uploads\/2015\/06\/btoninferior_02-300x120.png 300w\" sizes=\"(max-width: 339px) 100vw, 339px\" \/><\/a><a href=\"http:\/\/proicsaingenieria.com.co\/web\/acreditaciones\/\"><img decoding=\"async\" class=\" wp-image-92 alignnone\" src=\"http:\/\/proicsaingenieria.com.co\/web\/wp-content\/uploads\/2015\/06\/btoninferior_04.png\" alt=\"Acreditaciones Proicsa Ingenieria\" width=\"32%\" height=\"auto\" srcset=\"https:\/\/proicsaingenieria.com.co\/web\/wp-content\/uploads\/2015\/06\/btoninferior_04.png 323w, https:\/\/proicsaingenieria.com.co\/web\/wp-content\/uploads\/2015\/06\/btoninferior_04-300x126.png 300w\" sizes=\"(max-width: 323px) 100vw, 323px\" \/><\/a><br \/>\n<img decoding=\"async\" class=\" size-full wp-image-364 aligncenter\" src=\"http:\/\/proicsaingenieria.com.co\/web\/wp-content\/uploads\/2015\/06\/noticias.jpg\" alt=\"noticias\" width=\"100%\" height=\"auto\" srcset=\"https:\/\/proicsaingenieria.com.co\/web\/wp-content\/uploads\/2015\/06\/noticias.jpg 1001w, https:\/\/proicsaingenieria.com.co\/web\/wp-content\/uploads\/2015\/06\/noticias-300x30.jpg 300w\" sizes=\"(max-width: 1001px) 100vw, 1001px\" \/><\/p>\n<hr \/>\n<div class=\"margencontenido\">\n<h1 style=\"text-align: center;\">RECIBA NUESTRO BOLETIN<\/h1>\n<div class=\"margenform2\">\n<p style=\"text-align: center;\">\n<div class=\"wpcf7 no-js\" id=\"wpcf7-f77-o1\" lang=\"es-ES\" dir=\"ltr\" data-wpcf7-id=\"77\">\n<div class=\"screen-reader-response\"><p role=\"status\" aria-live=\"polite\" aria-atomic=\"true\"><\/p> <ul><\/ul><\/div>\n<form action=\"\/web\/wp-json\/wp\/v2\/pages\/6#wpcf7-f77-o1\" method=\"post\" class=\"wpcf7-form init\" aria-label=\"Contact form\" novalidate=\"novalidate\" data-status=\"init\">\n<fieldset class=\"hidden-fields-container\"><input type=\"hidden\" name=\"_wpcf7\" value=\"77\" \/><input type=\"hidden\" name=\"_wpcf7_version\" value=\"6.1.5\" \/><input type=\"hidden\" name=\"_wpcf7_locale\" value=\"es_ES\" \/><input type=\"hidden\" name=\"_wpcf7_unit_tag\" value=\"wpcf7-f77-o1\" \/><input type=\"hidden\" name=\"_wpcf7_container_post\" value=\"0\" \/><input type=\"hidden\" name=\"_wpcf7_posted_data_hash\" value=\"\" \/>\n<\/fieldset>\n<p>Su nombre (requerido)\n<\/p>\n<p><span class=\"wpcf7-form-control-wrap\" data-name=\"your-name\"><input size=\"40\" maxlength=\"400\" class=\"wpcf7-form-control wpcf7-text wpcf7-validates-as-required\" aria-required=\"true\" aria-invalid=\"false\" value=\"\" type=\"text\" name=\"your-name\" \/><\/span>\n<\/p>\n<p>Su e-mail (requerido)\n<\/p>\n<p><span class=\"wpcf7-form-control-wrap\" data-name=\"your-email\"><input size=\"40\" maxlength=\"400\" class=\"wpcf7-form-control wpcf7-email wpcf7-validates-as-required wpcf7-text wpcf7-validates-as-email\" aria-required=\"true\" aria-invalid=\"false\" value=\"\" type=\"email\" name=\"your-email\" \/><\/span>\n<\/p>\n<p><input class=\"wpcf7-form-control wpcf7-submit has-spinner\" type=\"submit\" value=\"Enviar\" \/>\n<\/p><div class=\"wpcf7-response-output\" aria-hidden=\"true\"><\/div>\n<\/form>\n<\/div>\n<\/p>\n<\/div>\n<\/div>\n<div class=\"margencontenido\">\n<p style=\"text-align: left;\"><img fetchpriority=\"high\" decoding=\"async\" class=\"alignleft size-full wp-image-187\" src=\"http:\/\/proicsaingenieria.com.co\/web\/wp-content\/uploads\/2015\/06\/logoproicsa.png\" alt=\"logo\" width=\"616\" height=\"265\" \/><\/p>\n<p style=\"text-align: left;\"><span style=\"font-size: 18pt;\"><strong>PROICSA INGENIERIA\u00a0S.A.S.<\/strong><\/span><br \/>\n<span style=\"font-size: 14pt;\"> Av. cll. 53 66A-71 Salitre El Greco<\/span><br \/>\n<span style=\"font-size: 14pt;\"> Tel\u00e9fono: (57) (1) 7521225<\/span><br \/>\n<span style=\"font-size: 14pt;\"> Celular: 322 8522155<\/span><br \/>\n<span style=\"font-size: 14pt;\"> Bogot\u00e1 D.C., Colombia.<\/span><\/p>\n<\/div>\n","protected":false},"excerpt":{"rendered":"<p>\u201cCreemos en la conservaci\u00f3n de los recursos como eje del desarrollo\u00a0y en el apoyo a la industria para realizar una\u00a0gesti\u00f3n ambiental competente y profesional.\u201d RECIBA NUESTRO BOLETIN PROICSA INGENIERIA\u00a0S.A.S. Av. cll. 53 66A-71 Salitre El Greco Tel\u00e9fono: (57) (1) 7521225 Celular: 322 8522155 Bogot\u00e1 D.C., Colombia.<\/p>\n","protected":false},"author":1,"featured_media":0,"parent":0,"menu_order":0,"comment_status":"closed","ping_status":"closed","template":"","meta":{"_joinchat":[],"footnotes":""},"class_list":["post-6","page","type-page","status-publish","hentry"],"_links":{"self":[{"href":"https:\/\/proicsaingenieria.com.co\/web\/wp-json\/wp\/v2\/pages\/6","targetHints":{"allow":["GET"]}}],"collection":[{"href":"https:\/\/proicsaingenieria.com.co\/web\/wp-json\/wp\/v2\/pages"}],"about":[{"href":"https:\/\/proicsaingenieria.com.co\/web\/wp-json\/wp\/v2\/types\/page"}],"author":[{"embeddable":true,"href":"https:\/\/proicsaingenieria.com.co\/web\/wp-json\/wp\/v2\/users\/1"}],"replies":[{"embeddable":true,"href":"https:\/\/proicsaingenieria.com.co\/web\/wp-json\/wp\/v2\/comments?post=6"}],"version-history":[{"count":1,"href":"https:\/\/proicsaingenieria.com.co\/web\/wp-json\/wp\/v2\/pages\/6\/revisions"}],"predecessor-version":[{"id":399,"href":"https:\/\/proicsaingenieria.com.co\/web\/wp-json\/wp\/v2\/pages\/6\/revisions\/399"}],"wp:attachment":[{"href":"https:\/\/proicsaingenieria.com.co\/web\/wp-json\/wp\/v2\/media?parent=6"}],"curies":[{"name":"wp","href":"https:\/\/api.w.org\/{rel}","templated":true}]}}