{"id":247,"date":"2015-07-08T23:01:19","date_gmt":"2015-07-08T23:01:19","guid":{"rendered":"http:\/\/proicsaingenieria.com.co\/web\/?page_id=247"},"modified":"2015-07-20T01:40:47","modified_gmt":"2015-07-20T01:40:47","slug":"descargas","status":"publish","type":"page","link":"https:\/\/proicsaingenieria.com.co\/web\/descargas\/","title":{"rendered":"Descargas"},"content":{"rendered":"<p><img decoding=\"async\" class=\"aligncenter size-full wp-image-248\" src=\"http:\/\/proicsaingenieria.com.co\/web\/wp-content\/uploads\/2015\/07\/descargas.jpg\" alt=\"descargas\" width=\"100%\" height=\"auto\" srcset=\"https:\/\/proicsaingenieria.com.co\/web\/wp-content\/uploads\/2015\/07\/descargas.jpg 1001w, https:\/\/proicsaingenieria.com.co\/web\/wp-content\/uploads\/2015\/07\/descargas-300x60.jpg 300w\" sizes=\"(max-width: 1001px) 100vw, 1001px\" \/><\/p>\n<div class=\"margencontenido\">\n<h1>DESCARGAS<\/h1>\n<p style=\"text-align: justify;\">Descargue documentos en PDF de los protocolos utilizados. Si Ud. necesita alguna documentaci\u00f3n y no le encuetra en los links suministrados. por favor comun\u00edquese con nosotros. Enviando un correo electr\u00f3nico o a los tel\u00e9fonos \u00a0(57) (1) 2216778 \/ 7521225 en Bogot\u00e1<\/p>\n<\/div>\n<p style=\"text-align: center;\"><img decoding=\"async\" class=\"aligncenter  wp-image-252\" src=\"http:\/\/proicsaingenieria.com.co\/web\/wp-content\/uploads\/2015\/07\/pdf-icon-150x150.png\" alt=\"pdf-icon\" width=\"102\" height=\"92\" \/><\/p>\n<p style=\"text-align: center;\"><span style=\"font-size: 14pt;\"><a href=\"http:\/\/proicsaingenieria.com.co\/web\/documentos\/PROTOCOLO_CALIDAD_DEL_AIRE.pdf\" target=\"_blank\">PROTOCOLO CALIDAD DEL AIRE<\/a><\/span><\/p>\n<p style=\"text-align: center;\"><span style=\"font-size: 14pt;\"><a href=\"http:\/\/proicsaingenieria.com.co\/web\/documentos\/PROTOCOLO_FUENTES_FIJAS.pdf\" target=\"_blank\">PROTOCOLO FUENTES FIJAS<\/a><\/span><\/p>\n<p style=\"text-align: center;\"><span style=\"font-size: 14pt;\"><a href=\"http:\/\/proicsaingenieria.com.co\/web\/documentos\/\/PROTOCOLO_FUENTES_FIJAS.pdf\" target=\"_blank\">PROTOCOLO OLORES<\/a><\/span><\/p>\n<p style=\"text-align: center;\"><span style=\"font-size: 14pt;\"><a href=\"http:\/\/proicsaingenieria.com.co\/web\/documentos\/RESOLUCION_RUIDO.pdf\" target=\"_blank\">RESOLUCI\u00d3N RUIDO<\/a><\/span><\/p>\n<p><img decoding=\"async\" class=\"alignnone size-full wp-image-184\" src=\"http:\/\/proicsaingenieria.com.co\/web\/wp-content\/uploads\/2015\/07\/botones_08.png\" alt=\"botones_08\" width=\"22%\" height=\"auto\" \/><img decoding=\"async\" class=\"alignnone size-full wp-image-183\" src=\"http:\/\/proicsaingenieria.com.co\/web\/wp-content\/uploads\/2015\/07\/botones_07.png\" alt=\"botones_07\" width=\"22%\" height=\"auto\" \/><a href=\"http:\/\/proicsaingenieria.com.co\/web\/wp-content\/uploads\/2015\/07\/botones_06.png\"><img decoding=\"async\" class=\"alignnone size-full wp-image-182\" src=\"http:\/\/proicsaingenieria.com.co\/web\/wp-content\/uploads\/2015\/07\/botones_06.png\" alt=\"botones_06\" width=\"22%\" height=\"auto\" \/><\/a><img decoding=\"async\" class=\"alignnone size-full wp-image-181\" src=\"http:\/\/proicsaingenieria.com.co\/web\/wp-content\/uploads\/2015\/07\/botones_05.png\" alt=\"botones_05\" width=\"22%\" height=\"auto\" \/><img decoding=\"async\" class=\"alignnone size-full wp-image-180\" src=\"http:\/\/proicsaingenieria.com.co\/web\/wp-content\/uploads\/2015\/07\/botones_04.png\" alt=\"botones_04\" width=\"22%\" height=\"auto\" \/><img decoding=\"async\" class=\"alignnone size-full wp-image-179\" src=\"http:\/\/proicsaingenieria.com.co\/web\/wp-content\/uploads\/2015\/07\/botones_03.png\" alt=\"botones_03\" width=\"22%\" height=\"auto\" \/><img decoding=\"async\" class=\"alignnone size-full wp-image-178\" src=\"http:\/\/proicsaingenieria.com.co\/web\/wp-content\/uploads\/2015\/07\/botones_02.png\" alt=\"botones_02\" width=\"22%\" height=\"auto\" \/><img decoding=\"async\" class=\"alignnone size-full wp-image-177\" src=\"http:\/\/proicsaingenieria.com.co\/web\/wp-content\/uploads\/2015\/07\/botones_01.png\" alt=\"botones_01\" width=\"22%\" height=\"auto\" \/><\/p>\n","protected":false},"excerpt":{"rendered":"<p>DESCARGAS Descargue documentos en PDF de los protocolos utilizados. Si Ud. necesita alguna documentaci\u00f3n y no le encuetra en los links suministrados. por favor comun\u00edquese con nosotros. Enviando un correo electr\u00f3nico o a los tel\u00e9fonos \u00a0(57) (1) 2216778 \/ 7521225 en Bogot\u00e1 PROTOCOLO CALIDAD DEL AIRE PROTOCOLO FUENTES FIJAS PROTOCOLO OLORES RESOLUCI\u00d3N RUIDO<\/p>\n","protected":false},"author":1,"featured_media":0,"parent":0,"menu_order":0,"comment_status":"closed","ping_status":"closed","template":"","meta":{"_joinchat":[],"footnotes":""},"class_list":["post-247","page","type-page","status-publish","hentry"],"_links":{"self":[{"href":"https:\/\/proicsaingenieria.com.co\/web\/wp-json\/wp\/v2\/pages\/247","targetHints":{"allow":["GET"]}}],"collection":[{"href":"https:\/\/proicsaingenieria.com.co\/web\/wp-json\/wp\/v2\/pages"}],"about":[{"href":"https:\/\/proicsaingenieria.com.co\/web\/wp-json\/wp\/v2\/types\/page"}],"author":[{"embeddable":true,"href":"https:\/\/proicsaingenieria.com.co\/web\/wp-json\/wp\/v2\/users\/1"}],"replies":[{"embeddable":true,"href":"https:\/\/proicsaingenieria.com.co\/web\/wp-json\/wp\/v2\/comments?post=247"}],"version-history":[{"count":1,"href":"https:\/\/proicsaingenieria.com.co\/web\/wp-json\/wp\/v2\/pages\/247\/revisions"}],"predecessor-version":[{"id":344,"href":"https:\/\/proicsaingenieria.com.co\/web\/wp-json\/wp\/v2\/pages\/247\/revisions\/344"}],"wp:attachment":[{"href":"https:\/\/proicsaingenieria.com.co\/web\/wp-json\/wp\/v2\/media?parent=247"}],"curies":[{"name":"wp","href":"https:\/\/api.w.org\/{rel}","templated":true}]}}